{"id":17431,"date":"2025-12-11T20:57:06","date_gmt":"2025-12-11T19:57:06","guid":{"rendered":"https:\/\/www.sushi-wiesbaden.de\/shop\/?post_type=product&#038;p=17431"},"modified":"2026-01-19T15:31:40","modified_gmt":"2026-01-19T14:31:40","slug":"hot-ebi-wrap","status":"publish","type":"product","link":"https:\/\/www.sushi-wiesbaden.de\/shop\/produkt\/hot-ebi-wrap\/","title":{"rendered":"Hot Ebi Wrap"},"content":{"rendered":"<p>Panierte Garnelen, Mix-Salat, Gurke, Frischk\u00e4se und innen Pesto so\u00dfe von au\u00dfen knusprig paniert.<\/p>\n","protected":false},"excerpt":{"rendered":"<p>Panierte Garnelen, Mix-Salat, Gurke, Frischk\u00e4se und innen Pesto so\u00dfe von au\u00dfen knusprig paniert.<\/p>\n","protected":false},"featured_media":17451,"template":"","meta":{"_et_pb_use_builder":"","_et_pb_old_content":"","_et_gb_content_width":""},"product_brand":[],"product_cat":[82,84],"product_tag":[],"class_list":{"0":"post-17431","1":"product","2":"type-product","3":"status-publish","4":"has-post-thumbnail","6":"product_cat-crunchy-sushi","7":"product_cat-highlights-new","9":"first","10":"instock","11":"taxable","12":"shipping-taxable","13":"purchasable","14":"product-type-simple"},"_links":{"self":[{"href":"https:\/\/www.sushi-wiesbaden.de\/shop\/wp-json\/wp\/v2\/product\/17431","targetHints":{"allow":["GET"]}}],"collection":[{"href":"https:\/\/www.sushi-wiesbaden.de\/shop\/wp-json\/wp\/v2\/product"}],"about":[{"href":"https:\/\/www.sushi-wiesbaden.de\/shop\/wp-json\/wp\/v2\/types\/product"}],"wp:featuredmedia":[{"embeddable":true,"href":"https:\/\/www.sushi-wiesbaden.de\/shop\/wp-json\/wp\/v2\/media\/17451"}],"wp:attachment":[{"href":"https:\/\/www.sushi-wiesbaden.de\/shop\/wp-json\/wp\/v2\/media?parent=17431"}],"wp:term":[{"taxonomy":"product_brand","embeddable":true,"href":"https:\/\/www.sushi-wiesbaden.de\/shop\/wp-json\/wp\/v2\/product_brand?post=17431"},{"taxonomy":"product_cat","embeddable":true,"href":"https:\/\/www.sushi-wiesbaden.de\/shop\/wp-json\/wp\/v2\/product_cat?post=17431"},{"taxonomy":"product_tag","embeddable":true,"href":"https:\/\/www.sushi-wiesbaden.de\/shop\/wp-json\/wp\/v2\/product_tag?post=17431"}],"curies":[{"name":"wp","href":"https:\/\/api.w.org\/{rel}","templated":true}]}}