{"id":1945,"date":"2022-05-17T14:38:02","date_gmt":"2022-05-17T12:38:02","guid":{"rendered":"https:\/\/www.sushi-wiesbaden.de\/shop\/?post_type=product&#038;p=1945"},"modified":"2025-01-15T15:36:33","modified_gmt":"2025-01-15T14:36:33","slug":"aburi","status":"publish","type":"product","link":"https:\/\/www.sushi-wiesbaden.de\/shop\/produkt\/aburi\/","title":{"rendered":"Aburi"},"content":{"rendered":"<p>Sake Aburi (2 St\u00fcck), Mutsu Aburi (2 St\u00fcck), Kamikaze Roll (4 St\u00fcck), Fuji Roll (4 St\u00fcck)<\/p>\n","protected":false},"excerpt":{"rendered":"<div class=\"productDescription\" data-testid=\"description-advprview\">\n<p class=\"Text_Text__2q0SF\" data-testid=\"description-advprview\">Sake Aburi (2 St\u00fcck), Mutsu Aburi (2 St\u00fcck), Kamikaze Roll (4 St\u00fcck), Fuji Roll (4 St\u00fcck)<\/p>\n<\/div>\n","protected":false},"featured_media":13676,"template":"","meta":{"_et_pb_use_builder":"","_et_pb_old_content":"","_et_gb_content_width":""},"product_brand":[],"product_cat":[37],"product_tag":[],"class_list":{"0":"post-1945","1":"product","2":"type-product","3":"status-publish","4":"has-post-thumbnail","6":"product_cat-menues","8":"first","9":"instock","10":"taxable","11":"shipping-taxable","12":"purchasable","13":"product-type-simple"},"_links":{"self":[{"href":"https:\/\/www.sushi-wiesbaden.de\/shop\/wp-json\/wp\/v2\/product\/1945","targetHints":{"allow":["GET"]}}],"collection":[{"href":"https:\/\/www.sushi-wiesbaden.de\/shop\/wp-json\/wp\/v2\/product"}],"about":[{"href":"https:\/\/www.sushi-wiesbaden.de\/shop\/wp-json\/wp\/v2\/types\/product"}],"wp:featuredmedia":[{"embeddable":true,"href":"https:\/\/www.sushi-wiesbaden.de\/shop\/wp-json\/wp\/v2\/media\/13676"}],"wp:attachment":[{"href":"https:\/\/www.sushi-wiesbaden.de\/shop\/wp-json\/wp\/v2\/media?parent=1945"}],"wp:term":[{"taxonomy":"product_brand","embeddable":true,"href":"https:\/\/www.sushi-wiesbaden.de\/shop\/wp-json\/wp\/v2\/product_brand?post=1945"},{"taxonomy":"product_cat","embeddable":true,"href":"https:\/\/www.sushi-wiesbaden.de\/shop\/wp-json\/wp\/v2\/product_cat?post=1945"},{"taxonomy":"product_tag","embeddable":true,"href":"https:\/\/www.sushi-wiesbaden.de\/shop\/wp-json\/wp\/v2\/product_tag?post=1945"}],"curies":[{"name":"wp","href":"https:\/\/api.w.org\/{rel}","templated":true}]}}