{"id":2205,"date":"2022-05-25T22:15:20","date_gmt":"2022-05-25T20:15:20","guid":{"rendered":"https:\/\/www.sushi-wiesbaden.de\/shop\/?post_type=product&#038;p=2205"},"modified":"2024-02-05T12:00:02","modified_gmt":"2024-02-05T11:00:02","slug":"chicken-inside-out-ummantelt-mit-sesam","status":"publish","type":"product","link":"https:\/\/www.sushi-wiesbaden.de\/shop\/produkt\/chicken-inside-out-ummantelt-mit-sesam\/","title":{"rendered":"Chicken Inside-Out"},"content":{"rendered":"<p>Frittierte H\u00e4hnchen, Gurke, Frischk\u00e4se (4 St\u00fcck)<\/p>\n","protected":false},"excerpt":{"rendered":"<p>Frittierte H\u00e4hnchen, Gurke, Frischk\u00e4se<\/p>\n","protected":false},"featured_media":1992,"template":"","meta":{"_et_pb_use_builder":"","_et_pb_old_content":"","_et_gb_content_width":""},"product_brand":[],"product_cat":[15],"product_tag":[],"class_list":{"0":"post-2205","1":"product","2":"type-product","3":"status-publish","4":"has-post-thumbnail","6":"product_cat-inside-out","8":"first","9":"instock","10":"taxable","11":"shipping-taxable","12":"purchasable","13":"product-type-simple"},"_links":{"self":[{"href":"https:\/\/www.sushi-wiesbaden.de\/shop\/wp-json\/wp\/v2\/product\/2205","targetHints":{"allow":["GET"]}}],"collection":[{"href":"https:\/\/www.sushi-wiesbaden.de\/shop\/wp-json\/wp\/v2\/product"}],"about":[{"href":"https:\/\/www.sushi-wiesbaden.de\/shop\/wp-json\/wp\/v2\/types\/product"}],"wp:featuredmedia":[{"embeddable":true,"href":"https:\/\/www.sushi-wiesbaden.de\/shop\/wp-json\/wp\/v2\/media\/1992"}],"wp:attachment":[{"href":"https:\/\/www.sushi-wiesbaden.de\/shop\/wp-json\/wp\/v2\/media?parent=2205"}],"wp:term":[{"taxonomy":"product_brand","embeddable":true,"href":"https:\/\/www.sushi-wiesbaden.de\/shop\/wp-json\/wp\/v2\/product_brand?post=2205"},{"taxonomy":"product_cat","embeddable":true,"href":"https:\/\/www.sushi-wiesbaden.de\/shop\/wp-json\/wp\/v2\/product_cat?post=2205"},{"taxonomy":"product_tag","embeddable":true,"href":"https:\/\/www.sushi-wiesbaden.de\/shop\/wp-json\/wp\/v2\/product_tag?post=2205"}],"curies":[{"name":"wp","href":"https:\/\/api.w.org\/{rel}","templated":true}]}}