{"id":2289,"date":"2022-05-27T20:49:05","date_gmt":"2022-05-27T18:49:05","guid":{"rendered":"https:\/\/www.sushi-wiesbaden.de\/shop\/?post_type=product&#038;p=2289"},"modified":"2024-02-05T12:00:03","modified_gmt":"2024-02-05T11:00:03","slug":"tori-teriyaki","status":"publish","type":"product","link":"https:\/\/www.sushi-wiesbaden.de\/shop\/produkt\/tori-teriyaki\/","title":{"rendered":"Tori Teriyaki"},"content":{"rendered":"<p>Gebratene H\u00e4hnchenschenkel mit Teriyakiso\u00dfe oder Knoblauchso\u00dfe mit Reis und Salat<\/p>\n","protected":false},"excerpt":{"rendered":"<p>Gebratene H\u00e4hnchenschenkel mit Teriyakiso\u00dfe oder Knoblauchso\u00dfe mit Reis und Salat<\/p>\n","protected":false},"featured_media":2062,"template":"","meta":{"_et_pb_use_builder":"","_et_pb_old_content":"","_et_gb_content_width":""},"product_brand":[],"product_cat":[51],"product_tag":[],"class_list":{"0":"post-2289","1":"product","2":"type-product","3":"status-publish","4":"has-post-thumbnail","6":"product_cat-warmekueche","8":"first","9":"instock","10":"taxable","11":"shipping-taxable","12":"purchasable","13":"product-type-simple"},"_links":{"self":[{"href":"https:\/\/www.sushi-wiesbaden.de\/shop\/wp-json\/wp\/v2\/product\/2289","targetHints":{"allow":["GET"]}}],"collection":[{"href":"https:\/\/www.sushi-wiesbaden.de\/shop\/wp-json\/wp\/v2\/product"}],"about":[{"href":"https:\/\/www.sushi-wiesbaden.de\/shop\/wp-json\/wp\/v2\/types\/product"}],"wp:featuredmedia":[{"embeddable":true,"href":"https:\/\/www.sushi-wiesbaden.de\/shop\/wp-json\/wp\/v2\/media\/2062"}],"wp:attachment":[{"href":"https:\/\/www.sushi-wiesbaden.de\/shop\/wp-json\/wp\/v2\/media?parent=2289"}],"wp:term":[{"taxonomy":"product_brand","embeddable":true,"href":"https:\/\/www.sushi-wiesbaden.de\/shop\/wp-json\/wp\/v2\/product_brand?post=2289"},{"taxonomy":"product_cat","embeddable":true,"href":"https:\/\/www.sushi-wiesbaden.de\/shop\/wp-json\/wp\/v2\/product_cat?post=2289"},{"taxonomy":"product_tag","embeddable":true,"href":"https:\/\/www.sushi-wiesbaden.de\/shop\/wp-json\/wp\/v2\/product_tag?post=2289"}],"curies":[{"name":"wp","href":"https:\/\/api.w.org\/{rel}","templated":true}]}}