{"id":2645,"date":"2022-07-01T13:12:05","date_gmt":"2022-07-01T11:12:05","guid":{"rendered":"https:\/\/www.sushi-wiesbaden.de\/shop\/?post_type=product&#038;p=2645"},"modified":"2024-02-05T12:00:05","modified_gmt":"2024-02-05T11:00:05","slug":"spaetburgunder-rose-halbtrocken","status":"publish","type":"product","link":"https:\/\/www.sushi-wiesbaden.de\/shop\/produkt\/spaetburgunder-rose-halbtrocken\/","title":{"rendered":"Sp\u00e4tburgunder, Ros\u00e9 halbtrocken"},"content":{"rendered":"<p>Weilerer Heiligenberg Deutscher Qualit\u00e4tswein, feinfruchtig, mit feinen Aromen von D\u00f6rrobst. 0,75l<\/p>\n","protected":false},"excerpt":{"rendered":"<p>Weilerer Heiligenberg Deutscher Qualit\u00e4tswein<\/p>\n","protected":false},"featured_media":0,"template":"","meta":{"_et_pb_use_builder":"","_et_pb_old_content":"","_et_gb_content_width":""},"product_brand":[],"product_cat":[53],"product_tag":[],"class_list":{"0":"post-2645","1":"product","2":"type-product","3":"status-publish","5":"product_cat-getraenke","7":"first","8":"instock","9":"taxable","10":"shipping-taxable","11":"purchasable","12":"product-type-simple"},"_links":{"self":[{"href":"https:\/\/www.sushi-wiesbaden.de\/shop\/wp-json\/wp\/v2\/product\/2645","targetHints":{"allow":["GET"]}}],"collection":[{"href":"https:\/\/www.sushi-wiesbaden.de\/shop\/wp-json\/wp\/v2\/product"}],"about":[{"href":"https:\/\/www.sushi-wiesbaden.de\/shop\/wp-json\/wp\/v2\/types\/product"}],"wp:attachment":[{"href":"https:\/\/www.sushi-wiesbaden.de\/shop\/wp-json\/wp\/v2\/media?parent=2645"}],"wp:term":[{"taxonomy":"product_brand","embeddable":true,"href":"https:\/\/www.sushi-wiesbaden.de\/shop\/wp-json\/wp\/v2\/product_brand?post=2645"},{"taxonomy":"product_cat","embeddable":true,"href":"https:\/\/www.sushi-wiesbaden.de\/shop\/wp-json\/wp\/v2\/product_cat?post=2645"},{"taxonomy":"product_tag","embeddable":true,"href":"https:\/\/www.sushi-wiesbaden.de\/shop\/wp-json\/wp\/v2\/product_tag?post=2645"}],"curies":[{"name":"wp","href":"https:\/\/api.w.org\/{rel}","templated":true}]}}